{"id":145,"date":"2019-09-11T11:04:44","date_gmt":"2019-09-11T11:04:44","guid":{"rendered":"https:\/\/www.smtpsoftware.com\/?page_id=145"},"modified":"2021-11-04T10:25:35","modified_gmt":"2021-11-04T10:25:35","slug":"polityka-prywatnosci","status":"publish","type":"page","link":"https:\/\/www.smtpsoftware.com\/pl\/polityka-prywatnosci\/","title":{"rendered":"Polityka prywatno\u015bci"},"content":{"rendered":"<p>Data wej\u015bcia w \u017cycie: 11 wrze\u015bnia 2019 r.<\/p>\n<p>SMTP Software Ltd (\u201enas\u201d, \u201emy\u201d lub \u201enasz\u201d) obs\u0142uguje witryn\u0119 https:\/\/www.smtpsoftware.com (\u201eUs\u0142uga\u201d).<br \/>\n<!--more--><\/p>\n<p>Ta strona informuje Ci\u0119 o naszych zasadach dotycz\u0105cych gromadzenia, wykorzystywania i ujawniania danych osobowych podczas korzystania z naszej Us\u0142ugi oraz o dokonanych przez Ciebie wyborach zwi\u0105zanych z tymi danymi.<\/p>\n<p>Wykorzystujemy Twoje dane w celu \u015bwiadczenia i ulepszania Us\u0142ugi. Korzystaj\u0105c z Us\u0142ugi, zgadzasz si\u0119 na zbieranie i wykorzystywanie informacji zgodnie z niniejsz\u0105 polityk\u0105. O ile w niniejszej Polityce Prywatno\u015bci nie okre\u015blono inaczej, terminy u\u017cyte w niniejszej Polityce Prywatno\u015bci maj\u0105 takie samo znaczenie jak w naszym Regulaminie, dost\u0119pnym pod adresem https:\/\/www.smtpsoftware.com<\/p>\n<h2>Gromadzenie i wykorzystywanie informacji<\/h2>\n<p>Zbieramy kilka r\u00f3\u017cnych rodzaj\u00f3w informacji w r\u00f3\u017cnych celach, aby \u015bwiadczy\u0107 i ulepsza\u0107 nasz\u0105 Us\u0142ug\u0119.<\/p>\n<h3>Rodzaje gromadzonych danych<\/h3>\n<h4>Dane osobiste<\/h4>\n<p>Podczas korzystania z naszej Us\u0142ugi mo\u017cemy poprosi\u0107 Ci\u0119 o podanie nam pewnych danych osobowych, kt\u00f3re mog\u0105 by\u0107 wykorzystane do skontaktowania si\u0119 z Tob\u0105 lub zidentyfikowania Ci\u0119 (\u201eDane Osobowe\u201d). Informacje umo\u017cliwiaj\u0105ce identyfikacj\u0119 osoby mog\u0105 obejmowa\u0107 mi\u0119dzy innymi:<\/p>\n<ul>\n<li>Adres e-mail<\/li>\n<li>Imi\u0119 i nazwisko<\/li>\n<li>Pliki cookie i dane dotycz\u0105ce u\u017cytkowania<\/li>\n<\/ul>\n<h4>Dane u\u017cytkowania<\/h4>\n<p>Mo\u017cemy r\u00f3wnie\u017c zbiera\u0107 informacje o sposobie uzyskiwania dost\u0119pu do Us\u0142ugi i korzystania z niej (\u201eDane o u\u017cytkowaniu\u201d). Te dane u\u017cytkowe mog\u0105 zawiera\u0107 takie informacje, jak adres IP komputera (np. adres IP), typ przegl\u0105darki, wersja przegl\u0105darki, strony naszego Serwisu, kt\u00f3re odwiedzasz, czas i data wizyty, czas sp\u0119dzony na tych stronach, unikatowe identyfikatory urz\u0105dze\u0144 i inne dane diagnostyczne.<\/p>\n<h4>\u015aledzenie i dane plik\u00f3w cookie<\/h4>\n<p>U\u017cywamy plik\u00f3w cookie i podobnych technologii \u015bledzenia, aby \u015bledzi\u0107 aktywno\u015b\u0107 w naszym Serwisie i przechowywa\u0107 okre\u015blone informacje wy\u0142\u0105cznie za Twoj\u0105 zgod\u0105.<\/p>\n<p>Pliki cookie to pliki z niewielk\u0105 ilo\u015bci\u0105 danych, kt\u00f3re mog\u0105 zawiera\u0107 anonimowy unikalny identyfikator. Pliki cookie s\u0105 wysy\u0142ane do Twojej przegl\u0105darki ze strony internetowej i przechowywane na Twoim urz\u0105dzeniu. Stosowane technologie \u015bledzenia to r\u00f3wnie\u017c sygna\u0142y nawigacyjne, znaczniki i skrypty do zbierania i \u015bledzenia informacji oraz do ulepszania i analizowania naszej Us\u0142ugi.<\/p>\n<p>Mo\u017cesz poinstruowa\u0107 swoj\u0105 przegl\u0105dark\u0119, aby odrzuca\u0142a wszystkie pliki cookie lub wskazywa\u0142a, kiedy plik cookie jest wysy\u0142any. Je\u015bli jednak nie zaakceptujesz plik\u00f3w cookie, mo\u017cesz nie by\u0107 w stanie korzysta\u0107 z niekt\u00f3rych cz\u0119\u015bci naszej Us\u0142ugi.<\/p>\n<p>Przyk\u0142ady plik\u00f3w cookie, kt\u00f3rych u\u017cywamy:<\/p>\n<ul>\n<li><strong>Pliki cookie sesji.<\/strong>\u00a0U\u017cywamy plik\u00f3w cookie sesji do obs\u0142ugi naszego Serwisu.<\/li>\n<li><strong>Pliki cookie preferencji.<\/strong>\u00a0U\u017cywamy plik\u00f3w cookie preferencji, aby zapami\u0119ta\u0107 Twoje preferencje i r\u00f3\u017cne ustawienia.<\/li>\n<li><strong>Pliki cookie bezpiecze\u0144stwa.<\/strong>\u00a0U\u017cywamy plik\u00f3w cookie bezpiecze\u0144stwa do cel\u00f3w bezpiecze\u0144stwa.<\/li>\n<\/ul>\n<h2>Wykorzystanie danych<\/h2>\n<p>SMTP Software Ltd wykorzystuje zebrane dane do r\u00f3\u017cnych cel\u00f3w:<\/p>\n<ul>\n<li>W celu \u015bwiadczenia i utrzymania Us\u0142ugi<\/li>\n<li>Aby powiadomi\u0107 Ci\u0119 o zmianach w naszej Us\u0142udze<\/li>\n<li>Aby umo\u017cliwi\u0107 Ci udzia\u0142 w interaktywnych funkcjach naszej Us\u0142ugi, je\u015bli zdecydujesz si\u0119 to zrobi\u0107<\/li>\n<li>Aby zapewni\u0107 obs\u0142ug\u0119 klienta i wsparcie<\/li>\n<li>Dostarczanie analiz lub cennych informacji, aby\u015bmy mogli ulepszy\u0107 Us\u0142ug\u0119<\/li>\n<li>Aby monitorowa\u0107 korzystanie z Us\u0142ugi<\/li>\n<li>Wykrywanie, zapobieganie i rozwi\u0105zywanie problem\u00f3w technicznych<\/li>\n<\/ul>\n<h2>Transfer danych<\/h2>\n<p>Twoje informacje, w tym dane osobowe, mog\u0105 by\u0107 przekazywane i przechowywane na komputerach znajduj\u0105cych si\u0119 poza Twoim stanem, prowincj\u0105, krajem lub inn\u0105 jurysdykcj\u0105 rz\u0105dow\u0105, gdzie przepisy dotycz\u0105ce ochrony danych mog\u0105 r\u00f3\u017cni\u0107 si\u0119 od tych obowi\u0105zuj\u0105cych w Twojej jurysdykcji.<\/p>\n<p>Je\u015bli znajdujesz si\u0119 poza Wysp\u0105 Man i zdecydujesz si\u0119 przekaza\u0107 nam informacje, pami\u0119taj, \u017ce przekazujemy dane, w tym dane osobowe, na Wysp\u0119 Man i tam je przetwarzamy.<\/p>\n<p>Twoja zgoda na niniejsz\u0105 Polityk\u0119 prywatno\u015bci, a nast\u0119pnie przes\u0142anie takich informacji oznacza zgod\u0119 na to przeniesienie.<\/p>\n<p>SMTP Software Ltd podejmie wszelkie niezb\u0119dne kroki, aby zapewni\u0107, \u017ce Twoje dane s\u0105 traktowane w spos\u00f3b bezpieczny i zgodnie z niniejsz\u0105 Polityk\u0105 prywatno\u015bci, a \u017cadne przekazywanie Twoich danych osobowych nie b\u0119dzie mia\u0142o miejsca do organizacji lub kraju, chyba \u017ce zostan\u0105 wprowadzone odpowiednie kontrole, w tym bezpiecze\u0144stwo Twojego dane i inne dane osobowe.<\/p>\n<h2>Ujawnianie danych<\/h2>\n<h3>Wymogi prawne<\/h3>\n<p>SMTP Software Ltd mo\u017ce ujawni\u0107 Twoje Dane Osobowe w dobrej wierze, \u017ce takie dzia\u0142anie jest niezb\u0119dne do:<\/p>\n<ul>\n<li>Aby spe\u0142ni\u0107 obowi\u0105zek prawny<\/li>\n<li>Aby chroni\u0107 i broni\u0107 praw lub w\u0142asno\u015bci SMTP Software Ltd<\/li>\n<li>Aby zapobiec lub zbada\u0107 mo\u017cliwe nadu\u017cycia w zwi\u0105zku z Us\u0142ug\u0105<\/li>\n<li>W celu ochrony bezpiecze\u0144stwa osobistego u\u017cytkownik\u00f3w Serwisu lub spo\u0142ecze\u0144stwa<\/li>\n<li>Aby chroni\u0107 si\u0119 przed odpowiedzialno\u015bci\u0105 prawn\u0105<\/li>\n<\/ul>\n<h2>Bezpiecze\u0144stwo danych<\/h2>\n<p>Bezpiecze\u0144stwo Twoich danych jest dla nas wa\u017cne, ale pami\u0119taj, \u017ce \u017cadna metoda transmisji przez Internet ani metoda elektronicznego przechowywania nie jest bezpieczna 100%. Chocia\u017c staramy si\u0119 wykorzystywa\u0107 komercyjnie akceptowalne \u015brodki ochrony Twoich danych osobowych, nie mo\u017cemy zagwarantowa\u0107 ich absolutnego bezpiecze\u0144stwa.<\/p>\n<h2>Us\u0142ugodawcy<\/h2>\n<p>Mo\u017cemy zatrudnia\u0107 firmy i osoby trzecie w celu usprawnienia naszej Us\u0142ugi (\u201eUs\u0142ugodawcy\u201d), \u015bwiadczenia Us\u0142ugi w naszym imieniu, \u015bwiadczenia us\u0142ug zwi\u0105zanych z Us\u0142ug\u0105 lub pomocy w analizie sposobu korzystania z naszej Us\u0142ugi.<\/p>\n<p>Te osoby trzecie maj\u0105 dost\u0119p do Twoich danych osobowych wy\u0142\u0105cznie w celu wykonywania tych zada\u0144 w naszym imieniu i s\u0105 zobowi\u0105zane do nieujawniania ich ani nie wykorzystywania w \u017cadnym innym celu.<\/p>\n<h2>Linki do innych stron<\/h2>\n<p>Nasz Serwis mo\u017ce zawiera\u0107 linki do innych stron, kt\u00f3re nie s\u0105 przez nas obs\u0142ugiwane. Je\u015bli klikniesz \u0142\u0105cze strony trzeciej, zostaniesz przekierowany do witryny tej strony trzeciej. Zdecydowanie zalecamy zapoznanie si\u0119 z Polityk\u0105 prywatno\u015bci ka\u017cdej odwiedzanej witryny.<\/p>\n<p>Nie mamy kontroli nad tre\u015bci\u0105, polityk\u0105 prywatno\u015bci ani praktykami witryn lub us\u0142ug stron trzecich i nie ponosimy za nie odpowiedzialno\u015bci.<\/p>\n<h2>Prywatno\u015b\u0107 dzieci<\/h2>\n<p>Nasza Us\u0142uga nie jest skierowana do os\u00f3b poni\u017cej 18 roku \u017cycia (\u201eDzieci\u201d).<\/p>\n<p>Nie gromadzimy \u015bwiadomie danych osobowych od os\u00f3b poni\u017cej 18 roku \u017cycia. Je\u015bli jeste\u015b rodzicem lub opiekunem i zdajesz sobie spraw\u0119, \u017ce Twoje Dzieci przekaza\u0142y nam Dane Osobowe, skontaktuj si\u0119 z nami. Je\u015bli dowiemy si\u0119, \u017ce zebrali\u015bmy Dane Osobowe od dzieci bez weryfikacji zgody rodzic\u00f3w, podejmujemy kroki w celu usuni\u0119cia tych informacji z naszych serwer\u00f3w.<\/p>\n<h2>Zmiany w niniejszej Polityce prywatno\u015bci<\/h2>\n<p>Od czasu do czasu mo\u017cemy aktualizowa\u0107 nasz\u0105 Polityk\u0119 prywatno\u015bci. Powiadomimy Ci\u0119 o wszelkich zmianach, publikuj\u0105c now\u0105 Polityk\u0119 prywatno\u015bci na tej stronie.<\/p>\n<p>Powiadomimy Ci\u0119 za po\u015brednictwem poczty elektronicznej i\/lub widocznego powiadomienia w naszej Us\u0142udze, zanim zmiana wejdzie w \u017cycie i zaktualizujemy \u201edat\u0119 wej\u015bcia w \u017cycie\u201d na g\u00f3rze niniejszej Polityki prywatno\u015bci.<\/p>\n<p>Zaleca si\u0119 okresowe przegl\u0105danie niniejszej Polityki prywatno\u015bci pod k\u0105tem wszelkich zmian. Zmiany w niniejszej Polityce prywatno\u015bci wchodz\u0105 w \u017cycie z chwil\u0105 ich opublikowania na tej stronie.<\/p>\n<h2>Skontaktuj si\u0119 z nami<\/h2>\n<p>Je\u015bli masz jakiekolwiek pytania dotycz\u0105ce niniejszej Polityki prywatno\u015bci, chcesz zapyta\u0107, jakie dane o Tobie przechowujemy lub za\u017c\u0105da\u0107 usuni\u0119cia takich danych, skontaktuj si\u0119 z nami:<\/p>\n<ul>\n<li>E-mailem: admin@smtpsoftware.com<\/li>\n<\/ul>","protected":false},"excerpt":{"rendered":"<p>Data wej\u015bcia w \u017cycie: 11 wrze\u015bnia 2019 r. SMTP Software Ltd (\u201enas\u201d, \u201emy\u201d lub \u201enasz\u201d) obs\u0142uguje witryn\u0119 https:\/\/www.smtpsoftware.com (\u201eUs\u0142uga\u201d).<\/p>","protected":false},"author":1,"featured_media":0,"parent":0,"menu_order":0,"comment_status":"closed","ping_status":"closed","template":"","meta":{"footnotes":""},"class_list":["post-145","page","type-page","status-publish","hentry"],"_links":{"self":[{"href":"https:\/\/www.smtpsoftware.com\/pl\/wp-json\/wp\/v2\/pages\/145","targetHints":{"allow":["GET"]}}],"collection":[{"href":"https:\/\/www.smtpsoftware.com\/pl\/wp-json\/wp\/v2\/pages"}],"about":[{"href":"https:\/\/www.smtpsoftware.com\/pl\/wp-json\/wp\/v2\/types\/page"}],"author":[{"embeddable":true,"href":"https:\/\/www.smtpsoftware.com\/pl\/wp-json\/wp\/v2\/users\/1"}],"replies":[{"embeddable":true,"href":"https:\/\/www.smtpsoftware.com\/pl\/wp-json\/wp\/v2\/comments?post=145"}],"version-history":[{"count":2,"href":"https:\/\/www.smtpsoftware.com\/pl\/wp-json\/wp\/v2\/pages\/145\/revisions"}],"predecessor-version":[{"id":280,"href":"https:\/\/www.smtpsoftware.com\/pl\/wp-json\/wp\/v2\/pages\/145\/revisions\/280"}],"wp:attachment":[{"href":"https:\/\/www.smtpsoftware.com\/pl\/wp-json\/wp\/v2\/media?parent=145"}],"curies":[{"name":"wp","href":"https:\/\/api.w.org\/{rel}","templated":true}]}}